{"id":1495,"date":"2022-05-30T12:27:35","date_gmt":"2022-05-30T12:27:35","guid":{"rendered":"https:\/\/sanroqueclub.com\/sobre-san-roque\/tienda-de-golf\/"},"modified":"2022-09-20T15:47:46","modified_gmt":"2022-09-20T15:47:46","slug":"tienda-de-golf","status":"publish","type":"page","link":"https:\/\/sanroqueclub.com\/es\/sobre-san-roque\/tienda-de-golf\/","title":{"rendered":"Tienda de golf"},"content":{"rendered":"\t\t<div data-elementor-type=\"wp-page\" data-elementor-id=\"1495\" class=\"elementor elementor-1495 elementor-280\" data-elementor-post-type=\"page\">\n\t\t\t\t\t\t<section class=\"elementor-section elementor-top-section elementor-element elementor-element-5eec7bc elementor-section-height-min-height elementor-section-full_width elementor-section-height-default elementor-section-items-middle\" data-id=\"5eec7bc\" data-element_type=\"section\">\n\t\t\t\t\t\t\t<div class=\"elementor-background-overlay\"><\/div>\n\t\t\t\t\t\t\t<div class=\"elementor-container elementor-column-gap-wider\">\n\t\t\t\t\t<div class=\"elementor-column elementor-col-50 elementor-top-column elementor-element elementor-element-95aa093\" data-id=\"95aa093\" data-element_type=\"column\">\n\t\t\t<div class=\"elementor-widget-wrap elementor-element-populated\">\n\t\t\t\t\t\t<div class=\"elementor-element elementor-element-92784d7 elementor-invisible elementor-widget elementor-widget-text-editor\" data-id=\"92784d7\" data-element_type=\"widget\" data-settings=\"{&quot;_animation&quot;:&quot;fadeInLeft&quot;,&quot;_animation_delay&quot;:200}\" data-widget_type=\"text-editor.default\">\n\t\t\t\t<div class=\"elementor-widget-container\">\n\t\t\t\t\t\t\t\t\t<p>En la tienda de golf recientemente renovada en The San Roque Club, encontrar\u00e1 un equipo amable, experto y profesional listo para ayudarlo, ya sea para reservar un tee time o seleccionar equipos y atuendos de golf de nuestra gama de marcas de primera calidad.<\/p>\n<p>\u00bfPor qu\u00e9 no comprar un recuerdo de su ronda de la gran colecci\u00f3n de productos nuevos de la marca San Roque Club, o comprar un cup\u00f3n como regalo para un ser querido o para una ocasi\u00f3n especial? Aseg\u00farese de dejar tiempo para navegar antes o despu\u00e9s de su juego y experimente el valor y el servicio de calidad de San Roque Golf Shop.<\/p>\n<p>Para ponerse en contacto con respecto a cualquier informaci\u00f3n sobre nuestro stock, env\u00ede un correo electr\u00f3nico a: <a href=\"mailto:proshop@sanroqueclub.com\">proshop@sanroqueclub.com<\/a><\/p>\n\t\t\t\t\t\t\t\t<\/div>\n\t\t\t\t<\/div>\n\t\t\t\t\t<\/div>\n\t\t<\/div>\n\t\t\t\t<div class=\"elementor-column elementor-col-50 elementor-top-column elementor-element elementor-element-4c9675c\" data-id=\"4c9675c\" data-element_type=\"column\">\n\t\t\t<div class=\"elementor-widget-wrap elementor-element-populated\">\n\t\t\t\t\t\t<div class=\"elementor-element elementor-element-7bd4674 animated-fast elementor-invisible elementor-widget elementor-widget-image\" data-id=\"7bd4674\" data-element_type=\"widget\" data-settings=\"{&quot;_animation&quot;:&quot;fadeInRight&quot;}\" data-widget_type=\"image.default\">\n\t\t\t\t<div class=\"elementor-widget-container\">\n\t\t\t\t\t\t\t\t\t\t\t\t\t\t\t<img fetchpriority=\"high\" decoding=\"async\" width=\"800\" height=\"473\" src=\"https:\/\/sanroqueclub.com\/wp-content\/uploads\/2022\/04\/The-San-Roque-Club-Old-Course-02-1024x606.jpg\" class=\"attachment-large size-large wp-image-1324\" alt=\"The-San-Roque-Club-Old-Course\" srcset=\"https:\/\/sanroqueclub.com\/wp-content\/uploads\/2022\/04\/The-San-Roque-Club-Old-Course-02-1024x606.jpg 1024w, https:\/\/sanroqueclub.com\/wp-content\/uploads\/2022\/04\/The-San-Roque-Club-Old-Course-02-300x178.jpg 300w, https:\/\/sanroqueclub.com\/wp-content\/uploads\/2022\/04\/The-San-Roque-Club-Old-Course-02-768x455.jpg 768w, https:\/\/sanroqueclub.com\/wp-content\/uploads\/2022\/04\/The-San-Roque-Club-Old-Course-02-1536x910.jpg 1536w, https:\/\/sanroqueclub.com\/wp-content\/uploads\/2022\/04\/The-San-Roque-Club-Old-Course-02.jpg 1920w\" sizes=\"(max-width: 800px) 100vw, 800px\" \/>\t\t\t\t\t\t\t\t\t\t\t\t\t\t\t<\/div>\n\t\t\t\t<\/div>\n\t\t\t\t\t<\/div>\n\t\t<\/div>\n\t\t\t\t\t<\/div>\n\t\t<\/section>\n\t\t\t\t<section class=\"elementor-section elementor-top-section elementor-element elementor-element-fc25035 elementor-section-full_width elementor-section-height-default elementor-section-height-default\" data-id=\"fc25035\" data-element_type=\"section\">\n\t\t\t\t\t\t<div class=\"elementor-container elementor-column-gap-default\">\n\t\t\t\t\t<div class=\"elementor-column elementor-col-100 elementor-top-column elementor-element elementor-element-6a281fd\" data-id=\"6a281fd\" data-element_type=\"column\">\n\t\t\t<div class=\"elementor-widget-wrap elementor-element-populated\">\n\t\t\t\t\t\t<div class=\"elementor-element elementor-element-d1504ec gallery-spacing-custom elementor-widget elementor-widget-image-gallery\" data-id=\"d1504ec\" data-element_type=\"widget\" data-widget_type=\"image-gallery.default\">\n\t\t\t\t<div class=\"elementor-widget-container\">\n\t\t\t\t\t\t\t<div class=\"elementor-image-gallery\">\n\t\t\t<div id='gallery-1' class='gallery galleryid-1495 gallery-columns-5 gallery-size-full'><figure class='gallery-item'>\n\t\t\t<div class='gallery-icon landscape'>\n\t\t\t\t<img decoding=\"async\" width=\"920\" height=\"360\" src=\"https:\/\/sanroqueclub.com\/wp-content\/uploads\/2022\/08\/calvin-klein-1.jpg\" class=\"attachment-full size-full\" alt=\"CK\" srcset=\"https:\/\/sanroqueclub.com\/wp-content\/uploads\/2022\/08\/calvin-klein-1.jpg 920w, https:\/\/sanroqueclub.com\/wp-content\/uploads\/2022\/08\/calvin-klein-1-300x117.jpg 300w, https:\/\/sanroqueclub.com\/wp-content\/uploads\/2022\/08\/calvin-klein-1-768x301.jpg 768w\" sizes=\"(max-width: 920px) 100vw, 920px\" \/>\n\t\t\t<\/div><\/figure><figure class='gallery-item'>\n\t\t\t<div class='gallery-icon landscape'>\n\t\t\t\t<img decoding=\"async\" width=\"920\" height=\"360\" src=\"https:\/\/sanroqueclub.com\/wp-content\/uploads\/2022\/08\/titleist-1.jpg\" class=\"attachment-full size-full\" alt=\"logo\" srcset=\"https:\/\/sanroqueclub.com\/wp-content\/uploads\/2022\/08\/titleist-1.jpg 920w, https:\/\/sanroqueclub.com\/wp-content\/uploads\/2022\/08\/titleist-1-300x117.jpg 300w, https:\/\/sanroqueclub.com\/wp-content\/uploads\/2022\/08\/titleist-1-768x301.jpg 768w\" sizes=\"(max-width: 920px) 100vw, 920px\" \/>\n\t\t\t<\/div><\/figure><figure class='gallery-item'>\n\t\t\t<div class='gallery-icon landscape'>\n\t\t\t\t<img loading=\"lazy\" decoding=\"async\" width=\"920\" height=\"360\" src=\"https:\/\/sanroqueclub.com\/wp-content\/uploads\/2022\/08\/callaway-1.jpg\" class=\"attachment-full size-full\" alt=\"logo\" srcset=\"https:\/\/sanroqueclub.com\/wp-content\/uploads\/2022\/08\/callaway-1.jpg 920w, https:\/\/sanroqueclub.com\/wp-content\/uploads\/2022\/08\/callaway-1-300x117.jpg 300w, https:\/\/sanroqueclub.com\/wp-content\/uploads\/2022\/08\/callaway-1-768x301.jpg 768w\" sizes=\"(max-width: 920px) 100vw, 920px\" \/>\n\t\t\t<\/div><\/figure><figure class='gallery-item'>\n\t\t\t<div class='gallery-icon landscape'>\n\t\t\t\t<img loading=\"lazy\" decoding=\"async\" width=\"920\" height=\"360\" src=\"https:\/\/sanroqueclub.com\/wp-content\/uploads\/2022\/08\/odyssey-1.jpg\" class=\"attachment-full size-full\" alt=\"OD\" srcset=\"https:\/\/sanroqueclub.com\/wp-content\/uploads\/2022\/08\/odyssey-1.jpg 920w, https:\/\/sanroqueclub.com\/wp-content\/uploads\/2022\/08\/odyssey-1-300x117.jpg 300w, https:\/\/sanroqueclub.com\/wp-content\/uploads\/2022\/08\/odyssey-1-768x301.jpg 768w\" sizes=\"(max-width: 920px) 100vw, 920px\" \/>\n\t\t\t<\/div><\/figure><figure class='gallery-item'>\n\t\t\t<div class='gallery-icon landscape'>\n\t\t\t\t<img loading=\"lazy\" decoding=\"async\" width=\"920\" height=\"360\" src=\"https:\/\/sanroqueclub.com\/wp-content\/uploads\/2022\/08\/gfore-1.jpg\" class=\"attachment-full size-full\" alt=\"GG\" srcset=\"https:\/\/sanroqueclub.com\/wp-content\/uploads\/2022\/08\/gfore-1.jpg 920w, https:\/\/sanroqueclub.com\/wp-content\/uploads\/2022\/08\/gfore-1-300x117.jpg 300w, https:\/\/sanroqueclub.com\/wp-content\/uploads\/2022\/08\/gfore-1-768x301.jpg 768w\" sizes=\"(max-width: 920px) 100vw, 920px\" \/>\n\t\t\t<\/div><\/figure><figure class='gallery-item'>\n\t\t\t<div class='gallery-icon landscape'>\n\t\t\t\t<img loading=\"lazy\" decoding=\"async\" width=\"920\" height=\"360\" src=\"https:\/\/sanroqueclub.com\/wp-content\/uploads\/2022\/08\/oakley-1.jpg\" class=\"attachment-full size-full\" alt=\"O\" srcset=\"https:\/\/sanroqueclub.com\/wp-content\/uploads\/2022\/08\/oakley-1.jpg 920w, https:\/\/sanroqueclub.com\/wp-content\/uploads\/2022\/08\/oakley-1-300x117.jpg 300w, https:\/\/sanroqueclub.com\/wp-content\/uploads\/2022\/08\/oakley-1-768x301.jpg 768w\" sizes=\"(max-width: 920px) 100vw, 920px\" \/>\n\t\t\t<\/div><\/figure><figure class='gallery-item'>\n\t\t\t<div class='gallery-icon landscape'>\n\t\t\t\t<img loading=\"lazy\" decoding=\"async\" width=\"920\" height=\"360\" src=\"https:\/\/sanroqueclub.com\/wp-content\/uploads\/2022\/08\/footjoy-1.jpg\" class=\"attachment-full size-full\" alt=\"FJ\" srcset=\"https:\/\/sanroqueclub.com\/wp-content\/uploads\/2022\/08\/footjoy-1.jpg 920w, https:\/\/sanroqueclub.com\/wp-content\/uploads\/2022\/08\/footjoy-1-300x117.jpg 300w, https:\/\/sanroqueclub.com\/wp-content\/uploads\/2022\/08\/footjoy-1-768x301.jpg 768w\" sizes=\"(max-width: 920px) 100vw, 920px\" \/>\n\t\t\t<\/div><\/figure><figure class='gallery-item'>\n\t\t\t<div class='gallery-icon landscape'>\n\t\t\t\t<img loading=\"lazy\" decoding=\"async\" width=\"920\" height=\"360\" src=\"https:\/\/sanroqueclub.com\/wp-content\/uploads\/2022\/08\/abacus-1.jpg\" class=\"attachment-full size-full\" alt=\"A\" srcset=\"https:\/\/sanroqueclub.com\/wp-content\/uploads\/2022\/08\/abacus-1.jpg 920w, https:\/\/sanroqueclub.com\/wp-content\/uploads\/2022\/08\/abacus-1-300x117.jpg 300w, https:\/\/sanroqueclub.com\/wp-content\/uploads\/2022\/08\/abacus-1-768x301.jpg 768w\" sizes=\"(max-width: 920px) 100vw, 920px\" \/>\n\t\t\t<\/div><\/figure><figure class='gallery-item'>\n\t\t\t<div class='gallery-icon landscape'>\n\t\t\t\t<img loading=\"lazy\" decoding=\"async\" width=\"920\" height=\"360\" src=\"https:\/\/sanroqueclub.com\/wp-content\/uploads\/2022\/08\/Skechers.jpg\" class=\"attachment-full size-full\" alt=\"The San Roque Club\" srcset=\"https:\/\/sanroqueclub.com\/wp-content\/uploads\/2022\/08\/Skechers.jpg 920w, https:\/\/sanroqueclub.com\/wp-content\/uploads\/2022\/08\/Skechers-300x117.jpg 300w, https:\/\/sanroqueclub.com\/wp-content\/uploads\/2022\/08\/Skechers-768x301.jpg 768w\" sizes=\"(max-width: 920px) 100vw, 920px\" \/>\n\t\t\t<\/div><\/figure><figure class='gallery-item'>\n\t\t\t<div class='gallery-icon landscape'>\n\t\t\t\t<img loading=\"lazy\" decoding=\"async\" width=\"920\" height=\"360\" src=\"https:\/\/sanroqueclub.com\/wp-content\/uploads\/2022\/08\/Jlindeberg.jpg\" class=\"attachment-full size-full\" alt=\"logo\" srcset=\"https:\/\/sanroqueclub.com\/wp-content\/uploads\/2022\/08\/Jlindeberg.jpg 920w, https:\/\/sanroqueclub.com\/wp-content\/uploads\/2022\/08\/Jlindeberg-300x117.jpg 300w, https:\/\/sanroqueclub.com\/wp-content\/uploads\/2022\/08\/Jlindeberg-768x301.jpg 768w\" sizes=\"(max-width: 920px) 100vw, 920px\" \/>\n\t\t\t<\/div><\/figure><figure class='gallery-item'>\n\t\t\t<div class='gallery-icon landscape'>\n\t\t\t\t<img loading=\"lazy\" decoding=\"async\" width=\"920\" height=\"360\" src=\"https:\/\/sanroqueclub.com\/wp-content\/uploads\/2022\/08\/Petter-miller.jpg\" class=\"attachment-full size-full\" alt=\"logo\" srcset=\"https:\/\/sanroqueclub.com\/wp-content\/uploads\/2022\/08\/Petter-miller.jpg 920w, https:\/\/sanroqueclub.com\/wp-content\/uploads\/2022\/08\/Petter-miller-300x117.jpg 300w, https:\/\/sanroqueclub.com\/wp-content\/uploads\/2022\/08\/Petter-miller-768x301.jpg 768w\" sizes=\"(max-width: 920px) 100vw, 920px\" \/>\n\t\t\t<\/div><\/figure>\n\t\t<\/div>\n\t\t<\/div>\n\t\t\t\t\t\t<\/div>\n\t\t\t\t<\/div>\n\t\t\t\t\t<\/div>\n\t\t<\/div>\n\t\t\t\t\t<\/div>\n\t\t<\/section>\n\t\t\t\t<\/div>\n\t\t","protected":false},"excerpt":{"rendered":"<p>En la tienda de golf recientemente renovada en The San Roque Club, encontrar\u00e1 un equipo amable, experto y profesional listo para ayudarlo, ya sea para reservar un tee time o seleccionar equipos y atuendos de golf de nuestra gama de marcas de primera calidad. \u00bfPor qu\u00e9 no comprar un recuerdo de su ronda de la [&hellip;]<\/p>\n","protected":false},"author":1,"featured_media":1402,"parent":1487,"menu_order":0,"comment_status":"closed","ping_status":"closed","template":"","meta":{"_acf_changed":false,"inline_featured_image":false,"footnotes":"","_links_to":"","_links_to_target":""},"class_list":["post-1495","page","type-page","status-publish","has-post-thumbnail","hentry"],"acf":[],"yoast_head":"<!-- This site is optimized with the Yoast SEO plugin v25.4 - https:\/\/yoast.com\/wordpress\/plugins\/seo\/ -->\n<title>Tienda de golf - The San Roque Club<\/title>\n<meta name=\"description\" content=\"En la tienda de golf recientemente renovada en The San Roque Club, encontrar\u00e1 un equipo amable, experto y profesional listo para ayudarlo, ya sea para reservar un tee time o seleccionar equipos y atuendos de golf de nuestra gama de marcas de primera calidad.\" \/>\n<meta name=\"robots\" content=\"index, follow, max-snippet:-1, max-image-preview:large, max-video-preview:-1\" \/>\n<link rel=\"canonical\" href=\"https:\/\/sanroqueclub.com\/es\/sobre-san-roque\/tienda-de-golf\/\" \/>\n<meta property=\"og:locale\" content=\"es_ES\" \/>\n<meta property=\"og:type\" content=\"article\" \/>\n<meta property=\"og:title\" content=\"Tienda de golf - The San Roque Club\" \/>\n<meta property=\"og:description\" content=\"En la tienda de golf recientemente renovada en The San Roque Club, encontrar\u00e1 un equipo amable, experto y profesional listo para ayudarlo, ya sea para reservar un tee time o seleccionar equipos y atuendos de golf de nuestra gama de marcas de primera calidad.\" \/>\n<meta property=\"og:url\" content=\"https:\/\/sanroqueclub.com\/es\/sobre-san-roque\/tienda-de-golf\/\" \/>\n<meta property=\"og:site_name\" content=\"The San Roque Club\" \/>\n<meta property=\"article:modified_time\" content=\"2022-09-20T15:47:46+00:00\" \/>\n<meta property=\"og:image\" content=\"https:\/\/sanroqueclub.com\/wp-content\/uploads\/2022\/07\/pro-shop-2.jpg\" \/>\n\t<meta property=\"og:image:width\" content=\"1530\" \/>\n\t<meta property=\"og:image:height\" content=\"1080\" \/>\n\t<meta property=\"og:image:type\" content=\"image\/jpeg\" \/>\n<meta name=\"twitter:card\" content=\"summary_large_image\" \/>\n<meta name=\"twitter:label1\" content=\"Tiempo de lectura\" \/>\n\t<meta name=\"twitter:data1\" content=\"4 minutos\" \/>\n<script type=\"application\/ld+json\" class=\"yoast-schema-graph\">{\"@context\":\"https:\/\/schema.org\",\"@graph\":[{\"@type\":\"WebPage\",\"@id\":\"https:\/\/sanroqueclub.com\/es\/sobre-san-roque\/tienda-de-golf\/\",\"url\":\"https:\/\/sanroqueclub.com\/es\/sobre-san-roque\/tienda-de-golf\/\",\"name\":\"Tienda de golf - The San Roque Club\",\"isPartOf\":{\"@id\":\"https:\/\/sanroqueclub.com\/#website\"},\"primaryImageOfPage\":{\"@id\":\"https:\/\/sanroqueclub.com\/es\/sobre-san-roque\/tienda-de-golf\/#primaryimage\"},\"image\":{\"@id\":\"https:\/\/sanroqueclub.com\/es\/sobre-san-roque\/tienda-de-golf\/#primaryimage\"},\"thumbnailUrl\":\"https:\/\/sanroqueclub.com\/wp-content\/uploads\/2022\/07\/pro-shop-2.jpg\",\"datePublished\":\"2022-05-30T12:27:35+00:00\",\"dateModified\":\"2022-09-20T15:47:46+00:00\",\"description\":\"En la tienda de golf recientemente renovada en The San Roque Club, encontrar\u00e1 un equipo amable, experto y profesional listo para ayudarlo, ya sea para reservar un tee time o seleccionar equipos y atuendos de golf de nuestra gama de marcas de primera calidad.\",\"breadcrumb\":{\"@id\":\"https:\/\/sanroqueclub.com\/es\/sobre-san-roque\/tienda-de-golf\/#breadcrumb\"},\"inLanguage\":\"es\",\"potentialAction\":[{\"@type\":\"ReadAction\",\"target\":[\"https:\/\/sanroqueclub.com\/es\/sobre-san-roque\/tienda-de-golf\/\"]}]},{\"@type\":\"ImageObject\",\"inLanguage\":\"es\",\"@id\":\"https:\/\/sanroqueclub.com\/es\/sobre-san-roque\/tienda-de-golf\/#primaryimage\",\"url\":\"https:\/\/sanroqueclub.com\/wp-content\/uploads\/2022\/07\/pro-shop-2.jpg\",\"contentUrl\":\"https:\/\/sanroqueclub.com\/wp-content\/uploads\/2022\/07\/pro-shop-2.jpg\",\"width\":1530,\"height\":1080,\"caption\":\"pro-shop-2\"},{\"@type\":\"BreadcrumbList\",\"@id\":\"https:\/\/sanroqueclub.com\/es\/sobre-san-roque\/tienda-de-golf\/#breadcrumb\",\"itemListElement\":[{\"@type\":\"ListItem\",\"position\":1,\"name\":\"Home\",\"item\":\"https:\/\/sanroqueclub.com\/es\/\"},{\"@type\":\"ListItem\",\"position\":2,\"name\":\"Sobre San Roque\",\"item\":\"https:\/\/sanroqueclub.com\/es\/sobre-san-roque\/\"},{\"@type\":\"ListItem\",\"position\":3,\"name\":\"Tienda de golf\"}]},{\"@type\":\"WebSite\",\"@id\":\"https:\/\/sanroqueclub.com\/#website\",\"url\":\"https:\/\/sanroqueclub.com\/\",\"name\":\"The San Roque Club\",\"description\":\"Beautiful Golf for Everyone\",\"potentialAction\":[{\"@type\":\"SearchAction\",\"target\":{\"@type\":\"EntryPoint\",\"urlTemplate\":\"https:\/\/sanroqueclub.com\/?s={search_term_string}\"},\"query-input\":{\"@type\":\"PropertyValueSpecification\",\"valueRequired\":true,\"valueName\":\"search_term_string\"}}],\"inLanguage\":\"es\"}]}<\/script>\n<!-- \/ Yoast SEO plugin. -->","yoast_head_json":{"title":"Tienda de golf - The San Roque Club","description":"En la tienda de golf recientemente renovada en The San Roque Club, encontrar\u00e1 un equipo amable, experto y profesional listo para ayudarlo, ya sea para reservar un tee time o seleccionar equipos y atuendos de golf de nuestra gama de marcas de primera calidad.","robots":{"index":"index","follow":"follow","max-snippet":"max-snippet:-1","max-image-preview":"max-image-preview:large","max-video-preview":"max-video-preview:-1"},"canonical":"https:\/\/sanroqueclub.com\/es\/sobre-san-roque\/tienda-de-golf\/","og_locale":"es_ES","og_type":"article","og_title":"Tienda de golf - The San Roque Club","og_description":"En la tienda de golf recientemente renovada en The San Roque Club, encontrar\u00e1 un equipo amable, experto y profesional listo para ayudarlo, ya sea para reservar un tee time o seleccionar equipos y atuendos de golf de nuestra gama de marcas de primera calidad.","og_url":"https:\/\/sanroqueclub.com\/es\/sobre-san-roque\/tienda-de-golf\/","og_site_name":"The San Roque Club","article_modified_time":"2022-09-20T15:47:46+00:00","og_image":[{"width":1530,"height":1080,"url":"https:\/\/sanroqueclub.com\/wp-content\/uploads\/2022\/07\/pro-shop-2.jpg","type":"image\/jpeg"}],"twitter_card":"summary_large_image","twitter_misc":{"Tiempo de lectura":"4 minutos"},"schema":{"@context":"https:\/\/schema.org","@graph":[{"@type":"WebPage","@id":"https:\/\/sanroqueclub.com\/es\/sobre-san-roque\/tienda-de-golf\/","url":"https:\/\/sanroqueclub.com\/es\/sobre-san-roque\/tienda-de-golf\/","name":"Tienda de golf - The San Roque Club","isPartOf":{"@id":"https:\/\/sanroqueclub.com\/#website"},"primaryImageOfPage":{"@id":"https:\/\/sanroqueclub.com\/es\/sobre-san-roque\/tienda-de-golf\/#primaryimage"},"image":{"@id":"https:\/\/sanroqueclub.com\/es\/sobre-san-roque\/tienda-de-golf\/#primaryimage"},"thumbnailUrl":"https:\/\/sanroqueclub.com\/wp-content\/uploads\/2022\/07\/pro-shop-2.jpg","datePublished":"2022-05-30T12:27:35+00:00","dateModified":"2022-09-20T15:47:46+00:00","description":"En la tienda de golf recientemente renovada en The San Roque Club, encontrar\u00e1 un equipo amable, experto y profesional listo para ayudarlo, ya sea para reservar un tee time o seleccionar equipos y atuendos de golf de nuestra gama de marcas de primera calidad.","breadcrumb":{"@id":"https:\/\/sanroqueclub.com\/es\/sobre-san-roque\/tienda-de-golf\/#breadcrumb"},"inLanguage":"es","potentialAction":[{"@type":"ReadAction","target":["https:\/\/sanroqueclub.com\/es\/sobre-san-roque\/tienda-de-golf\/"]}]},{"@type":"ImageObject","inLanguage":"es","@id":"https:\/\/sanroqueclub.com\/es\/sobre-san-roque\/tienda-de-golf\/#primaryimage","url":"https:\/\/sanroqueclub.com\/wp-content\/uploads\/2022\/07\/pro-shop-2.jpg","contentUrl":"https:\/\/sanroqueclub.com\/wp-content\/uploads\/2022\/07\/pro-shop-2.jpg","width":1530,"height":1080,"caption":"pro-shop-2"},{"@type":"BreadcrumbList","@id":"https:\/\/sanroqueclub.com\/es\/sobre-san-roque\/tienda-de-golf\/#breadcrumb","itemListElement":[{"@type":"ListItem","position":1,"name":"Home","item":"https:\/\/sanroqueclub.com\/es\/"},{"@type":"ListItem","position":2,"name":"Sobre San Roque","item":"https:\/\/sanroqueclub.com\/es\/sobre-san-roque\/"},{"@type":"ListItem","position":3,"name":"Tienda de golf"}]},{"@type":"WebSite","@id":"https:\/\/sanroqueclub.com\/#website","url":"https:\/\/sanroqueclub.com\/","name":"The San Roque Club","description":"Beautiful Golf for Everyone","potentialAction":[{"@type":"SearchAction","target":{"@type":"EntryPoint","urlTemplate":"https:\/\/sanroqueclub.com\/?s={search_term_string}"},"query-input":{"@type":"PropertyValueSpecification","valueRequired":true,"valueName":"search_term_string"}}],"inLanguage":"es"}]}},"_links":{"self":[{"href":"https:\/\/sanroqueclub.com\/es\/wp-json\/wp\/v2\/pages\/1495","targetHints":{"allow":["GET"]}}],"collection":[{"href":"https:\/\/sanroqueclub.com\/es\/wp-json\/wp\/v2\/pages"}],"about":[{"href":"https:\/\/sanroqueclub.com\/es\/wp-json\/wp\/v2\/types\/page"}],"author":[{"embeddable":true,"href":"https:\/\/sanroqueclub.com\/es\/wp-json\/wp\/v2\/users\/1"}],"replies":[{"embeddable":true,"href":"https:\/\/sanroqueclub.com\/es\/wp-json\/wp\/v2\/comments?post=1495"}],"version-history":[{"count":2,"href":"https:\/\/sanroqueclub.com\/es\/wp-json\/wp\/v2\/pages\/1495\/revisions"}],"predecessor-version":[{"id":1623,"href":"https:\/\/sanroqueclub.com\/es\/wp-json\/wp\/v2\/pages\/1495\/revisions\/1623"}],"up":[{"embeddable":true,"href":"https:\/\/sanroqueclub.com\/es\/wp-json\/wp\/v2\/pages\/1487"}],"wp:featuredmedia":[{"embeddable":true,"href":"https:\/\/sanroqueclub.com\/es\/wp-json\/wp\/v2\/media\/1402"}],"wp:attachment":[{"href":"https:\/\/sanroqueclub.com\/es\/wp-json\/wp\/v2\/media?parent=1495"}],"curies":[{"name":"wp","href":"https:\/\/api.w.org\/{rel}","templated":true}]}}