{"id":1501,"date":"2022-08-12T11:33:55","date_gmt":"2022-08-12T11:33:55","guid":{"rendered":"https:\/\/sanroqueclub.com\/hazte-socio\/"},"modified":"2025-07-10T13:50:41","modified_gmt":"2025-07-10T13:50:41","slug":"hazte-socio","status":"publish","type":"page","link":"https:\/\/sanroqueclub.com\/es\/hazte-socio\/","title":{"rendered":"Hazte socio"},"content":{"rendered":"\t\t<div data-elementor-type=\"wp-page\" data-elementor-id=\"1501\" class=\"elementor elementor-1501 elementor-783\" data-elementor-post-type=\"page\">\n\t\t\t\t\t\t<section class=\"elementor-section elementor-top-section elementor-element elementor-element-5d28f28 elementor-section-height-min-height elementor-section-full_width elementor-section-height-default elementor-section-items-middle\" data-id=\"5d28f28\" data-element_type=\"section\">\n\t\t\t\t\t\t\t<div class=\"elementor-background-overlay\"><\/div>\n\t\t\t\t\t\t\t<div class=\"elementor-container elementor-column-gap-wider\">\n\t\t\t\t\t<div class=\"elementor-column elementor-col-50 elementor-top-column elementor-element elementor-element-fc8ebad\" data-id=\"fc8ebad\" data-element_type=\"column\">\n\t\t\t<div class=\"elementor-widget-wrap elementor-element-populated\">\n\t\t\t\t\t\t<div class=\"elementor-element elementor-element-21cdaef elementor-invisible elementor-widget elementor-widget-text-editor\" data-id=\"21cdaef\" data-element_type=\"widget\" data-settings=\"{&quot;_animation&quot;:&quot;fadeInLeft&quot;,&quot;_animation_delay&quot;:200}\" data-widget_type=\"text-editor.default\">\n\t\t\t\t<div class=\"elementor-widget-container\">\n\t\t\t\t\t\t\t\t\t<p>Ser socio de The San Roque Club es algo m\u00e1s que golf. Se trata de sentirse como en casa.<\/p>\n<p>El amable y acogedor personal conocer\u00e1 sus gustos y aversiones y el objetivo es brindarle la mejor experiencia de golf desde el momento en que llega hasta el momento en que se va.<\/p>\n<p>Hay muchos clubes excelentes en todo el mundo, pero lo que hace que un club sea especial es la atenci\u00f3n a los detalles, anticiparse a las necesidades de los socios y brindar un servicio de clase mundial todos los d\u00edas del a\u00f1o.<\/p>\n<p>Si esto suena como el tipo de club del que le gustar\u00eda ser miembro, comun\u00edquese con Alicia Riquelme en <a href=\"mailto:membership@sanroqueclub.com\">membership@sanroqueclub.com<\/a>. <\/p>\n\t\t\t\t\t\t\t\t<\/div>\n\t\t\t\t<\/div>\n\t\t\t\t<div class=\"elementor-element elementor-element-c972ece elementor-align-right elementor-mobile-align-center elementor-invisible elementor-widget elementor-widget-button\" data-id=\"c972ece\" data-element_type=\"widget\" data-settings=\"{&quot;_animation&quot;:&quot;fadeInUp&quot;,&quot;_animation_delay&quot;:500}\" data-widget_type=\"button.default\">\n\t\t\t\t<div class=\"elementor-widget-container\">\n\t\t\t\t\t\t\t\t\t<div class=\"elementor-button-wrapper\">\n\t\t\t\t\t<a class=\"elementor-button elementor-button-link elementor-size-sm\" href=\"#elementor-action%3Aaction%3Dpopup%3Aopen%26settings%3DeyJpZCI6NDU2MiwidG9nZ2xlIjpmYWxzZX0%3D\">\n\t\t\t\t\t\t<span class=\"elementor-button-content-wrapper\">\n\t\t\t\t\t\t\t\t\t<span class=\"elementor-button-text\">HAGA CLIC AQU\u00cd<\/span>\n\t\t\t\t\t<\/span>\n\t\t\t\t\t<\/a>\n\t\t\t\t<\/div>\n\t\t\t\t\t\t\t\t<\/div>\n\t\t\t\t<\/div>\n\t\t\t\t\t<\/div>\n\t\t<\/div>\n\t\t\t\t<div class=\"elementor-column elementor-col-50 elementor-top-column elementor-element elementor-element-97331ef\" data-id=\"97331ef\" data-element_type=\"column\">\n\t\t\t<div class=\"elementor-widget-wrap elementor-element-populated\">\n\t\t\t\t\t\t<div class=\"elementor-element elementor-element-00a04d1 elementor-widget elementor-widget-video\" data-id=\"00a04d1\" data-element_type=\"widget\" data-settings=\"{&quot;video_type&quot;:&quot;hosted&quot;,&quot;controls&quot;:&quot;yes&quot;}\" data-widget_type=\"video.default\">\n\t\t\t\t<div class=\"elementor-widget-container\">\n\t\t\t\t\t\t\t<div class=\"e-hosted-video elementor-wrapper elementor-open-inline\">\n\t\t\t\t\t<video class=\"elementor-video\" src=\"https:\/\/sanroqueclub.com\/wp-content\/uploads\/2025\/07\/videointro720.mp4\" controls=\"\" preload=\"metadata\" controlsList=\"nodownload\"><\/video>\n\t\t\t\t<\/div>\n\t\t\t\t\t\t<\/div>\n\t\t\t\t<\/div>\n\t\t\t\t\t<\/div>\n\t\t<\/div>\n\t\t\t\t\t<\/div>\n\t\t<\/section>\n\t\t\t\t<\/div>\n\t\t","protected":false},"excerpt":{"rendered":"<p>Ser socio de The San Roque Club es algo m\u00e1s que golf. Se trata de sentirse como en casa. El amable y acogedor personal conocer\u00e1 sus gustos y aversiones y el objetivo es brindarle la mejor experiencia de golf desde el momento en que llega hasta el momento en que se va. Hay muchos clubes [&hellip;]<\/p>\n","protected":false},"author":2,"featured_media":1323,"parent":0,"menu_order":0,"comment_status":"closed","ping_status":"closed","template":"","meta":{"_acf_changed":false,"inline_featured_image":false,"footnotes":"","_links_to":"","_links_to_target":""},"class_list":["post-1501","page","type-page","status-publish","has-post-thumbnail","hentry"],"acf":[],"yoast_head":"<!-- This site is optimized with the Yoast SEO plugin v25.4 - https:\/\/yoast.com\/wordpress\/plugins\/seo\/ -->\n<title>Hazte socio - The San Roque Club<\/title>\n<meta name=\"description\" content=\"El amable y acogedor personal conocer\u00e1 sus gustos y aversiones y el objetivo es brindarle la mejor experiencia de golf desde el momento en que llega hasta el momento en que se va.\" \/>\n<meta name=\"robots\" content=\"index, follow, max-snippet:-1, max-image-preview:large, max-video-preview:-1\" \/>\n<link rel=\"canonical\" href=\"https:\/\/sanroqueclub.com\/es\/hazte-socio\/\" \/>\n<meta property=\"og:locale\" content=\"es_ES\" \/>\n<meta property=\"og:type\" content=\"article\" \/>\n<meta property=\"og:title\" content=\"Hazte socio - The San Roque Club\" \/>\n<meta property=\"og:description\" content=\"El amable y acogedor personal conocer\u00e1 sus gustos y aversiones y el objetivo es brindarle la mejor experiencia de golf desde el momento en que llega hasta el momento en que se va.\" \/>\n<meta property=\"og:url\" content=\"https:\/\/sanroqueclub.com\/es\/hazte-socio\/\" \/>\n<meta property=\"og:site_name\" content=\"The San Roque Club\" \/>\n<meta property=\"article:modified_time\" content=\"2025-07-10T13:50:41+00:00\" \/>\n<meta property=\"og:image\" content=\"https:\/\/sanroqueclub.com\/wp-content\/uploads\/2022\/04\/AdobeStock_123241965-1024x665.jpg\" \/>\n\t<meta property=\"og:image:width\" content=\"1024\" \/>\n\t<meta property=\"og:image:height\" content=\"665\" \/>\n\t<meta property=\"og:image:type\" content=\"image\/jpeg\" \/>\n<meta name=\"twitter:card\" content=\"summary_large_image\" \/>\n<meta name=\"twitter:label1\" content=\"Tiempo de lectura\" \/>\n\t<meta name=\"twitter:data1\" content=\"1 minuto\" \/>\n<script type=\"application\/ld+json\" class=\"yoast-schema-graph\">{\"@context\":\"https:\/\/schema.org\",\"@graph\":[{\"@type\":\"WebPage\",\"@id\":\"https:\/\/sanroqueclub.com\/es\/hazte-socio\/\",\"url\":\"https:\/\/sanroqueclub.com\/es\/hazte-socio\/\",\"name\":\"Hazte socio - The San Roque Club\",\"isPartOf\":{\"@id\":\"https:\/\/sanroqueclub.com\/#website\"},\"primaryImageOfPage\":{\"@id\":\"https:\/\/sanroqueclub.com\/es\/hazte-socio\/#primaryimage\"},\"image\":{\"@id\":\"https:\/\/sanroqueclub.com\/es\/hazte-socio\/#primaryimage\"},\"thumbnailUrl\":\"https:\/\/sanroqueclub.com\/wp-content\/uploads\/2022\/04\/AdobeStock_123241965.jpg\",\"datePublished\":\"2022-08-12T11:33:55+00:00\",\"dateModified\":\"2025-07-10T13:50:41+00:00\",\"description\":\"El amable y acogedor personal conocer\u00e1 sus gustos y aversiones y el objetivo es brindarle la mejor experiencia de golf desde el momento en que llega hasta el momento en que se va.\",\"breadcrumb\":{\"@id\":\"https:\/\/sanroqueclub.com\/es\/hazte-socio\/#breadcrumb\"},\"inLanguage\":\"es\",\"potentialAction\":[{\"@type\":\"ReadAction\",\"target\":[\"https:\/\/sanroqueclub.com\/es\/hazte-socio\/\"]}]},{\"@type\":\"ImageObject\",\"inLanguage\":\"es\",\"@id\":\"https:\/\/sanroqueclub.com\/es\/hazte-socio\/#primaryimage\",\"url\":\"https:\/\/sanroqueclub.com\/wp-content\/uploads\/2022\/04\/AdobeStock_123241965.jpg\",\"contentUrl\":\"https:\/\/sanroqueclub.com\/wp-content\/uploads\/2022\/04\/AdobeStock_123241965.jpg\",\"width\":1920,\"height\":1247,\"caption\":\"San Roque foto\"},{\"@type\":\"BreadcrumbList\",\"@id\":\"https:\/\/sanroqueclub.com\/es\/hazte-socio\/#breadcrumb\",\"itemListElement\":[{\"@type\":\"ListItem\",\"position\":1,\"name\":\"Home\",\"item\":\"https:\/\/sanroqueclub.com\/es\/\"},{\"@type\":\"ListItem\",\"position\":2,\"name\":\"Hazte socio\"}]},{\"@type\":\"WebSite\",\"@id\":\"https:\/\/sanroqueclub.com\/#website\",\"url\":\"https:\/\/sanroqueclub.com\/\",\"name\":\"The San Roque Club\",\"description\":\"Beautiful Golf for Everyone\",\"potentialAction\":[{\"@type\":\"SearchAction\",\"target\":{\"@type\":\"EntryPoint\",\"urlTemplate\":\"https:\/\/sanroqueclub.com\/?s={search_term_string}\"},\"query-input\":{\"@type\":\"PropertyValueSpecification\",\"valueRequired\":true,\"valueName\":\"search_term_string\"}}],\"inLanguage\":\"es\"}]}<\/script>\n<!-- \/ Yoast SEO plugin. -->","yoast_head_json":{"title":"Hazte socio - The San Roque Club","description":"El amable y acogedor personal conocer\u00e1 sus gustos y aversiones y el objetivo es brindarle la mejor experiencia de golf desde el momento en que llega hasta el momento en que se va.","robots":{"index":"index","follow":"follow","max-snippet":"max-snippet:-1","max-image-preview":"max-image-preview:large","max-video-preview":"max-video-preview:-1"},"canonical":"https:\/\/sanroqueclub.com\/es\/hazte-socio\/","og_locale":"es_ES","og_type":"article","og_title":"Hazte socio - The San Roque Club","og_description":"El amable y acogedor personal conocer\u00e1 sus gustos y aversiones y el objetivo es brindarle la mejor experiencia de golf desde el momento en que llega hasta el momento en que se va.","og_url":"https:\/\/sanroqueclub.com\/es\/hazte-socio\/","og_site_name":"The San Roque Club","article_modified_time":"2025-07-10T13:50:41+00:00","og_image":[{"width":1024,"height":665,"url":"https:\/\/sanroqueclub.com\/wp-content\/uploads\/2022\/04\/AdobeStock_123241965-1024x665.jpg","type":"image\/jpeg"}],"twitter_card":"summary_large_image","twitter_misc":{"Tiempo de lectura":"1 minuto"},"schema":{"@context":"https:\/\/schema.org","@graph":[{"@type":"WebPage","@id":"https:\/\/sanroqueclub.com\/es\/hazte-socio\/","url":"https:\/\/sanroqueclub.com\/es\/hazte-socio\/","name":"Hazte socio - The San Roque Club","isPartOf":{"@id":"https:\/\/sanroqueclub.com\/#website"},"primaryImageOfPage":{"@id":"https:\/\/sanroqueclub.com\/es\/hazte-socio\/#primaryimage"},"image":{"@id":"https:\/\/sanroqueclub.com\/es\/hazte-socio\/#primaryimage"},"thumbnailUrl":"https:\/\/sanroqueclub.com\/wp-content\/uploads\/2022\/04\/AdobeStock_123241965.jpg","datePublished":"2022-08-12T11:33:55+00:00","dateModified":"2025-07-10T13:50:41+00:00","description":"El amable y acogedor personal conocer\u00e1 sus gustos y aversiones y el objetivo es brindarle la mejor experiencia de golf desde el momento en que llega hasta el momento en que se va.","breadcrumb":{"@id":"https:\/\/sanroqueclub.com\/es\/hazte-socio\/#breadcrumb"},"inLanguage":"es","potentialAction":[{"@type":"ReadAction","target":["https:\/\/sanroqueclub.com\/es\/hazte-socio\/"]}]},{"@type":"ImageObject","inLanguage":"es","@id":"https:\/\/sanroqueclub.com\/es\/hazte-socio\/#primaryimage","url":"https:\/\/sanroqueclub.com\/wp-content\/uploads\/2022\/04\/AdobeStock_123241965.jpg","contentUrl":"https:\/\/sanroqueclub.com\/wp-content\/uploads\/2022\/04\/AdobeStock_123241965.jpg","width":1920,"height":1247,"caption":"San Roque foto"},{"@type":"BreadcrumbList","@id":"https:\/\/sanroqueclub.com\/es\/hazte-socio\/#breadcrumb","itemListElement":[{"@type":"ListItem","position":1,"name":"Home","item":"https:\/\/sanroqueclub.com\/es\/"},{"@type":"ListItem","position":2,"name":"Hazte socio"}]},{"@type":"WebSite","@id":"https:\/\/sanroqueclub.com\/#website","url":"https:\/\/sanroqueclub.com\/","name":"The San Roque Club","description":"Beautiful Golf for Everyone","potentialAction":[{"@type":"SearchAction","target":{"@type":"EntryPoint","urlTemplate":"https:\/\/sanroqueclub.com\/?s={search_term_string}"},"query-input":{"@type":"PropertyValueSpecification","valueRequired":true,"valueName":"search_term_string"}}],"inLanguage":"es"}]}},"_links":{"self":[{"href":"https:\/\/sanroqueclub.com\/es\/wp-json\/wp\/v2\/pages\/1501","targetHints":{"allow":["GET"]}}],"collection":[{"href":"https:\/\/sanroqueclub.com\/es\/wp-json\/wp\/v2\/pages"}],"about":[{"href":"https:\/\/sanroqueclub.com\/es\/wp-json\/wp\/v2\/types\/page"}],"author":[{"embeddable":true,"href":"https:\/\/sanroqueclub.com\/es\/wp-json\/wp\/v2\/users\/2"}],"replies":[{"embeddable":true,"href":"https:\/\/sanroqueclub.com\/es\/wp-json\/wp\/v2\/comments?post=1501"}],"version-history":[{"count":20,"href":"https:\/\/sanroqueclub.com\/es\/wp-json\/wp\/v2\/pages\/1501\/revisions"}],"predecessor-version":[{"id":18034,"href":"https:\/\/sanroqueclub.com\/es\/wp-json\/wp\/v2\/pages\/1501\/revisions\/18034"}],"wp:featuredmedia":[{"embeddable":true,"href":"https:\/\/sanroqueclub.com\/es\/wp-json\/wp\/v2\/media\/1323"}],"wp:attachment":[{"href":"https:\/\/sanroqueclub.com\/es\/wp-json\/wp\/v2\/media?parent=1501"}],"curies":[{"name":"wp","href":"https:\/\/api.w.org\/{rel}","templated":true}]}}