{"id":3256,"date":"2022-09-29T12:09:04","date_gmt":"2022-09-29T12:09:04","guid":{"rendered":"https:\/\/sanroqueclub.com\/cursos\/"},"modified":"2024-03-28T09:35:55","modified_gmt":"2024-03-28T09:35:55","slug":"campo","status":"publish","type":"page","link":"https:\/\/sanroqueclub.com\/es\/campo\/","title":{"rendered":"Campo"},"content":{"rendered":"\t\t<div data-elementor-type=\"wp-page\" data-elementor-id=\"3256\" class=\"elementor elementor-3256 elementor-3230\" data-elementor-post-type=\"page\">\n\t\t\t\t\t\t<section class=\"elementor-section elementor-top-section elementor-element elementor-element-83bd991 elementor-section-height-min-height elementor-section-items-top elementor-section-full_width elementor-section-stretched elementor-section-height-default\" data-id=\"83bd991\" data-element_type=\"section\" data-settings=\"{&quot;stretch_section&quot;:&quot;section-stretched&quot;}\">\n\t\t\t\t\t\t\t<div class=\"elementor-background-overlay\"><\/div>\n\t\t\t\t\t\t\t<div class=\"elementor-container elementor-column-gap-wider\">\n\t\t\t\t\t<div class=\"elementor-column elementor-col-100 elementor-top-column elementor-element elementor-element-9d5efa3\" data-id=\"9d5efa3\" data-element_type=\"column\">\n\t\t\t<div class=\"elementor-widget-wrap elementor-element-populated\">\n\t\t\t\t\t\t<div class=\"elementor-element elementor-element-0600563 animated-fast elementor-invisible elementor-widget elementor-widget-image\" data-id=\"0600563\" data-element_type=\"widget\" data-settings=\"{&quot;_animation&quot;:&quot;fadeInLeft&quot;}\" data-widget_type=\"image.default\">\n\t\t\t\t<div class=\"elementor-widget-container\">\n\t\t\t\t\t\t\t\t\t\t\t\t\t\t\t\t<a href=\"https:\/\/sanroqueclub.com\/es\/el-antiguo-curso\/\">\n\t\t\t\t\t\t\t<img fetchpriority=\"high\" decoding=\"async\" width=\"800\" height=\"450\" src=\"https:\/\/sanroqueclub.com\/wp-content\/uploads\/2022\/04\/old-course2-1024x576.jpg\" class=\"attachment-large size-large wp-image-1328\" alt=\"old-course2\" srcset=\"https:\/\/sanroqueclub.com\/wp-content\/uploads\/2022\/04\/old-course2-1024x576.jpg 1024w, https:\/\/sanroqueclub.com\/wp-content\/uploads\/2022\/04\/old-course2-300x169.jpg 300w, https:\/\/sanroqueclub.com\/wp-content\/uploads\/2022\/04\/old-course2-768x432.jpg 768w, https:\/\/sanroqueclub.com\/wp-content\/uploads\/2022\/04\/old-course2-1536x864.jpg 1536w, https:\/\/sanroqueclub.com\/wp-content\/uploads\/2022\/04\/old-course2.jpg 1920w\" sizes=\"(max-width: 800px) 100vw, 800px\" \/>\t\t\t\t\t\t\t\t<\/a>\n\t\t\t\t\t\t\t\t\t\t\t\t\t\t\t<\/div>\n\t\t\t\t<\/div>\n\t\t\t\t<div class=\"elementor-element elementor-element-e1062e8 animated-slow elementor-invisible elementor-widget elementor-widget-heading\" data-id=\"e1062e8\" data-element_type=\"widget\" data-settings=\"{&quot;_animation&quot;:&quot;fadeInLeft&quot;,&quot;_animation_delay&quot;:100}\" data-widget_type=\"heading.default\">\n\t\t\t\t<div class=\"elementor-widget-container\">\n\t\t\t\t\t<h2 class=\"elementor-heading-title elementor-size-default\"><a href=\"https:\/\/sanroqueclub.com\/es\/el-antiguo-curso\/\">CAMPO ANTIGUO (REAPERTURA JUNIO 2021)<\/a><\/h2>\t\t\t\t<\/div>\n\t\t\t\t<\/div>\n\t\t\t\t<div class=\"elementor-element elementor-element-c5a8db0 animated-fast elementor-widget-divider--view-line elementor-invisible elementor-widget elementor-widget-divider\" data-id=\"c5a8db0\" data-element_type=\"widget\" data-settings=\"{&quot;_animation&quot;:&quot;fadeInLeft&quot;,&quot;_animation_delay&quot;:200}\" data-widget_type=\"divider.default\">\n\t\t\t\t<div class=\"elementor-widget-container\">\n\t\t\t\t\t\t\t<div class=\"elementor-divider\">\n\t\t\t<span class=\"elementor-divider-separator\">\n\t\t\t\t\t\t<\/span>\n\t\t<\/div>\n\t\t\t\t\t\t<\/div>\n\t\t\t\t<\/div>\n\t\t\t\t<div class=\"elementor-element elementor-element-2fe80e9 elementor-invisible elementor-widget elementor-widget-text-editor\" data-id=\"2fe80e9\" data-element_type=\"widget\" data-settings=\"{&quot;_animation&quot;:&quot;fadeInLeft&quot;}\" data-widget_type=\"text-editor.default\">\n\t\t\t\t<div class=\"elementor-widget-container\">\n\t\t\t\t\t\t\t\t\t<p><strong>6.311 metros Par 72<\/strong> <\/p>\n\t\t\t\t\t\t\t\t<\/div>\n\t\t\t\t<\/div>\n\t\t\t\t<div class=\"elementor-element elementor-element-1bd57a7 animated-fast elementor-invisible elementor-widget elementor-widget-text-editor\" data-id=\"1bd57a7\" data-element_type=\"widget\" data-settings=\"{&quot;_animation&quot;:&quot;fadeInLeft&quot;,&quot;_animation_delay&quot;:400}\" data-widget_type=\"text-editor.default\">\n\t\t\t\t<div class=\"elementor-widget-container\">\n\t\t\t\t\t\t\t\t\t<p>Este espectacular campo es el orgullo del club, el disfrute del mismo est\u00e1 reservado a los socios excepto en los periodos p\u00fablicos diarios en los que puede hacer uso el p\u00fablico en general. Este campo legendario fue creado por Dave Thomas en 1990 con bunkers redise\u00f1ados por Seve Ballestros, el Old Course est\u00e1 clasificado entre los 5 mejores campos de Espa\u00f1a y entre los mejores campos de Europa. El Old Course fue sede del Open de Espa\u00f1a en 2005 y de las Finales de la Escuela de Clasificaci\u00f3n entre 1993 y 2007.<\/p>\n\t\t\t\t\t\t\t\t<\/div>\n\t\t\t\t<\/div>\n\t\t\t\t<div class=\"elementor-element elementor-element-c3d9443 elementor-align-right elementor-mobile-align-center elementor-invisible elementor-widget elementor-widget-button\" data-id=\"c3d9443\" data-element_type=\"widget\" data-settings=\"{&quot;_animation&quot;:&quot;fadeInUp&quot;,&quot;_animation_delay&quot;:500}\" data-widget_type=\"button.default\">\n\t\t\t\t<div class=\"elementor-widget-container\">\n\t\t\t\t\t\t\t\t\t<div class=\"elementor-button-wrapper\">\n\t\t\t\t\t<a class=\"elementor-button elementor-button-link elementor-size-sm\" href=\"https:\/\/sanroqueclub.com\/es\/el-antiguo-curso\/\">\n\t\t\t\t\t\t<span class=\"elementor-button-content-wrapper\">\n\t\t\t\t\t\t\t\t\t<span class=\"elementor-button-text\">VER CAMPO<\/span>\n\t\t\t\t\t<\/span>\n\t\t\t\t\t<\/a>\n\t\t\t\t<\/div>\n\t\t\t\t\t\t\t\t<\/div>\n\t\t\t\t<\/div>\n\t\t\t\t\t<\/div>\n\t\t<\/div>\n\t\t\t\t\t<\/div>\n\t\t<\/section>\n\t\t\t\t<\/div>\n\t\t","protected":false},"excerpt":{"rendered":"<p>CAMPO ANTIGUO (REAPERTURA JUNIO 2021) 6.311 metros Par 72 Este espectacular campo es el orgullo del club, el disfrute del mismo est\u00e1 reservado a los socios excepto en los periodos p\u00fablicos diarios en los que puede hacer uso el p\u00fablico en general. Este campo legendario fue creado por Dave Thomas en 1990 con bunkers redise\u00f1ados [&hellip;]<\/p>\n","protected":false},"author":3,"featured_media":3232,"parent":0,"menu_order":0,"comment_status":"closed","ping_status":"closed","template":"","meta":{"_acf_changed":false,"inline_featured_image":false,"footnotes":"","_links_to":"","_links_to_target":""},"class_list":["post-3256","page","type-page","status-publish","has-post-thumbnail","hentry"],"acf":[],"yoast_head":"<!-- This site is optimized with the Yoast SEO plugin v25.4 - https:\/\/yoast.com\/wordpress\/plugins\/seo\/ -->\n<title>Campo - The San Roque Club<\/title>\n<meta name=\"description\" content=\"CURSO ANTIGUO (REAPERTURA JUNIO 2021),Este espectacular campo es el orgullo del club, el disfrute del mismo est\u00e1 reservado a los socios...\" \/>\n<meta name=\"robots\" content=\"index, follow, max-snippet:-1, max-image-preview:large, max-video-preview:-1\" \/>\n<link rel=\"canonical\" href=\"https:\/\/sanroqueclub.com\/es\/campo\/\" \/>\n<meta property=\"og:locale\" content=\"es_ES\" \/>\n<meta property=\"og:type\" content=\"article\" \/>\n<meta property=\"og:title\" content=\"Campo - The San Roque Club\" \/>\n<meta property=\"og:description\" content=\"CURSO ANTIGUO (REAPERTURA JUNIO 2021),Este espectacular campo es el orgullo del club, el disfrute del mismo est\u00e1 reservado a los socios...\" \/>\n<meta property=\"og:url\" content=\"https:\/\/sanroqueclub.com\/es\/campo\/\" \/>\n<meta property=\"og:site_name\" content=\"The San Roque Club\" \/>\n<meta property=\"article:modified_time\" content=\"2024-03-28T09:35:55+00:00\" \/>\n<meta property=\"og:image\" content=\"https:\/\/sanroqueclub.com\/wp-content\/uploads\/2022\/09\/The-San-Roque-Club-Golf-Manager.jpg\" \/>\n\t<meta property=\"og:image:width\" content=\"1600\" \/>\n\t<meta property=\"og:image:height\" content=\"881\" \/>\n\t<meta property=\"og:image:type\" content=\"image\/jpeg\" \/>\n<meta name=\"twitter:card\" content=\"summary_large_image\" \/>\n<meta name=\"twitter:label1\" content=\"Tiempo de lectura\" \/>\n\t<meta name=\"twitter:data1\" content=\"1 minuto\" \/>\n<script type=\"application\/ld+json\" class=\"yoast-schema-graph\">{\"@context\":\"https:\/\/schema.org\",\"@graph\":[{\"@type\":\"WebPage\",\"@id\":\"https:\/\/sanroqueclub.com\/es\/campo\/\",\"url\":\"https:\/\/sanroqueclub.com\/es\/campo\/\",\"name\":\"Campo - The San Roque Club\",\"isPartOf\":{\"@id\":\"https:\/\/sanroqueclub.com\/#website\"},\"primaryImageOfPage\":{\"@id\":\"https:\/\/sanroqueclub.com\/es\/campo\/#primaryimage\"},\"image\":{\"@id\":\"https:\/\/sanroqueclub.com\/es\/campo\/#primaryimage\"},\"thumbnailUrl\":\"https:\/\/sanroqueclub.com\/wp-content\/uploads\/2022\/09\/The-San-Roque-Club-Golf-Manager.jpg\",\"datePublished\":\"2022-09-29T12:09:04+00:00\",\"dateModified\":\"2024-03-28T09:35:55+00:00\",\"description\":\"CURSO ANTIGUO (REAPERTURA JUNIO 2021),Este espectacular campo es el orgullo del club, el disfrute del mismo est\u00e1 reservado a los socios...\",\"breadcrumb\":{\"@id\":\"https:\/\/sanroqueclub.com\/es\/campo\/#breadcrumb\"},\"inLanguage\":\"es\",\"potentialAction\":[{\"@type\":\"ReadAction\",\"target\":[\"https:\/\/sanroqueclub.com\/es\/campo\/\"]}]},{\"@type\":\"ImageObject\",\"inLanguage\":\"es\",\"@id\":\"https:\/\/sanroqueclub.com\/es\/campo\/#primaryimage\",\"url\":\"https:\/\/sanroqueclub.com\/wp-content\/uploads\/2022\/09\/The-San-Roque-Club-Golf-Manager.jpg\",\"contentUrl\":\"https:\/\/sanroqueclub.com\/wp-content\/uploads\/2022\/09\/The-San-Roque-Club-Golf-Manager.jpg\",\"width\":1600,\"height\":881},{\"@type\":\"BreadcrumbList\",\"@id\":\"https:\/\/sanroqueclub.com\/es\/campo\/#breadcrumb\",\"itemListElement\":[{\"@type\":\"ListItem\",\"position\":1,\"name\":\"Home\",\"item\":\"https:\/\/sanroqueclub.com\/es\/\"},{\"@type\":\"ListItem\",\"position\":2,\"name\":\"Campo\"}]},{\"@type\":\"WebSite\",\"@id\":\"https:\/\/sanroqueclub.com\/#website\",\"url\":\"https:\/\/sanroqueclub.com\/\",\"name\":\"The San Roque Club\",\"description\":\"Beautiful Golf for Everyone\",\"potentialAction\":[{\"@type\":\"SearchAction\",\"target\":{\"@type\":\"EntryPoint\",\"urlTemplate\":\"https:\/\/sanroqueclub.com\/?s={search_term_string}\"},\"query-input\":{\"@type\":\"PropertyValueSpecification\",\"valueRequired\":true,\"valueName\":\"search_term_string\"}}],\"inLanguage\":\"es\"}]}<\/script>\n<!-- \/ Yoast SEO plugin. -->","yoast_head_json":{"title":"Campo - The San Roque Club","description":"CURSO ANTIGUO (REAPERTURA JUNIO 2021),Este espectacular campo es el orgullo del club, el disfrute del mismo est\u00e1 reservado a los socios...","robots":{"index":"index","follow":"follow","max-snippet":"max-snippet:-1","max-image-preview":"max-image-preview:large","max-video-preview":"max-video-preview:-1"},"canonical":"https:\/\/sanroqueclub.com\/es\/campo\/","og_locale":"es_ES","og_type":"article","og_title":"Campo - The San Roque Club","og_description":"CURSO ANTIGUO (REAPERTURA JUNIO 2021),Este espectacular campo es el orgullo del club, el disfrute del mismo est\u00e1 reservado a los socios...","og_url":"https:\/\/sanroqueclub.com\/es\/campo\/","og_site_name":"The San Roque Club","article_modified_time":"2024-03-28T09:35:55+00:00","og_image":[{"width":1600,"height":881,"url":"https:\/\/sanroqueclub.com\/wp-content\/uploads\/2022\/09\/The-San-Roque-Club-Golf-Manager.jpg","type":"image\/jpeg"}],"twitter_card":"summary_large_image","twitter_misc":{"Tiempo de lectura":"1 minuto"},"schema":{"@context":"https:\/\/schema.org","@graph":[{"@type":"WebPage","@id":"https:\/\/sanroqueclub.com\/es\/campo\/","url":"https:\/\/sanroqueclub.com\/es\/campo\/","name":"Campo - The San Roque Club","isPartOf":{"@id":"https:\/\/sanroqueclub.com\/#website"},"primaryImageOfPage":{"@id":"https:\/\/sanroqueclub.com\/es\/campo\/#primaryimage"},"image":{"@id":"https:\/\/sanroqueclub.com\/es\/campo\/#primaryimage"},"thumbnailUrl":"https:\/\/sanroqueclub.com\/wp-content\/uploads\/2022\/09\/The-San-Roque-Club-Golf-Manager.jpg","datePublished":"2022-09-29T12:09:04+00:00","dateModified":"2024-03-28T09:35:55+00:00","description":"CURSO ANTIGUO (REAPERTURA JUNIO 2021),Este espectacular campo es el orgullo del club, el disfrute del mismo est\u00e1 reservado a los socios...","breadcrumb":{"@id":"https:\/\/sanroqueclub.com\/es\/campo\/#breadcrumb"},"inLanguage":"es","potentialAction":[{"@type":"ReadAction","target":["https:\/\/sanroqueclub.com\/es\/campo\/"]}]},{"@type":"ImageObject","inLanguage":"es","@id":"https:\/\/sanroqueclub.com\/es\/campo\/#primaryimage","url":"https:\/\/sanroqueclub.com\/wp-content\/uploads\/2022\/09\/The-San-Roque-Club-Golf-Manager.jpg","contentUrl":"https:\/\/sanroqueclub.com\/wp-content\/uploads\/2022\/09\/The-San-Roque-Club-Golf-Manager.jpg","width":1600,"height":881},{"@type":"BreadcrumbList","@id":"https:\/\/sanroqueclub.com\/es\/campo\/#breadcrumb","itemListElement":[{"@type":"ListItem","position":1,"name":"Home","item":"https:\/\/sanroqueclub.com\/es\/"},{"@type":"ListItem","position":2,"name":"Campo"}]},{"@type":"WebSite","@id":"https:\/\/sanroqueclub.com\/#website","url":"https:\/\/sanroqueclub.com\/","name":"The San Roque Club","description":"Beautiful Golf for Everyone","potentialAction":[{"@type":"SearchAction","target":{"@type":"EntryPoint","urlTemplate":"https:\/\/sanroqueclub.com\/?s={search_term_string}"},"query-input":{"@type":"PropertyValueSpecification","valueRequired":true,"valueName":"search_term_string"}}],"inLanguage":"es"}]}},"_links":{"self":[{"href":"https:\/\/sanroqueclub.com\/es\/wp-json\/wp\/v2\/pages\/3256","targetHints":{"allow":["GET"]}}],"collection":[{"href":"https:\/\/sanroqueclub.com\/es\/wp-json\/wp\/v2\/pages"}],"about":[{"href":"https:\/\/sanroqueclub.com\/es\/wp-json\/wp\/v2\/types\/page"}],"author":[{"embeddable":true,"href":"https:\/\/sanroqueclub.com\/es\/wp-json\/wp\/v2\/users\/3"}],"replies":[{"embeddable":true,"href":"https:\/\/sanroqueclub.com\/es\/wp-json\/wp\/v2\/comments?post=3256"}],"version-history":[{"count":13,"href":"https:\/\/sanroqueclub.com\/es\/wp-json\/wp\/v2\/pages\/3256\/revisions"}],"predecessor-version":[{"id":12246,"href":"https:\/\/sanroqueclub.com\/es\/wp-json\/wp\/v2\/pages\/3256\/revisions\/12246"}],"wp:featuredmedia":[{"embeddable":true,"href":"https:\/\/sanroqueclub.com\/es\/wp-json\/wp\/v2\/media\/3232"}],"wp:attachment":[{"href":"https:\/\/sanroqueclub.com\/es\/wp-json\/wp\/v2\/media?parent=3256"}],"curies":[{"name":"wp","href":"https:\/\/api.w.org\/{rel}","templated":true}]}}