{"id":3678,"date":"2022-10-03T14:19:06","date_gmt":"2022-10-03T14:19:06","guid":{"rendered":"https:\/\/sanroqueclub.com\/privacy-policy\/"},"modified":"2024-05-10T12:14:58","modified_gmt":"2024-05-10T12:14:58","slug":"aviso-legal","status":"publish","type":"page","link":"https:\/\/sanroqueclub.com\/es\/aviso-legal\/","title":{"rendered":"Aviso legal"},"content":{"rendered":"\t\t<div data-elementor-type=\"wp-page\" data-elementor-id=\"3678\" class=\"elementor elementor-3678 elementor-3654\" data-elementor-post-type=\"page\">\n\t\t\t\t\t\t<section class=\"elementor-section elementor-top-section elementor-element elementor-element-f8ce263 elementor-section-boxed elementor-section-height-default elementor-section-height-default\" data-id=\"f8ce263\" data-element_type=\"section\">\n\t\t\t\t\t\t<div class=\"elementor-container elementor-column-gap-default\">\n\t\t\t\t\t<div class=\"elementor-column elementor-col-100 elementor-top-column elementor-element elementor-element-eeff7aa\" data-id=\"eeff7aa\" data-element_type=\"column\">\n\t\t\t<div class=\"elementor-widget-wrap elementor-element-populated\">\n\t\t\t\t\t\t<div class=\"elementor-element elementor-element-fd93504 elementor-widget elementor-widget-text-editor\" data-id=\"fd93504\" data-element_type=\"widget\" data-widget_type=\"text-editor.default\">\n\t\t\t\t<div class=\"elementor-widget-container\">\n\t\t\t\t\t\t\t\t\t<h2 style=\"text-align: left;\">MODELO DE AVISO LEGAL PARA WEB<\/h2><h3>1.DATOS IDENTIFICATIVOS<\/h3><p style=\"text-align: left;\">En cumplimiento del Reglamaento General de Protecci\u00f3n de Datos (UE) 2016\/679 del Parlamento Europeo y del Consejo de 27 de abril de 2016 y la ley org\u00e1nica 3\/2018 de 5 de diciembre de Protecci\u00f3n de Datos Personales y de Garant\u00eda de los Derechos Digitales, se reflejan los siguientes datos:La empresa titular del presente dominio web www.sanroqueclub.com es Suites Hotel S.L , n\u00famero de CIF B-11265675, con domicilio a estos efectos en Urb San Roque Club C.N 340, Km 1098, 11360, C\u00e1diz, Espa\u00f1a.Correo electr\u00f3nico de Protecci\u00f3n de Datos: protecciondatos@sanroqueclub.com Inscrita en el Registro Mercantil de M\u00e1laga, tomo 901, libro 710, secci\u00f3n tercera, folio 190, h9180<\/p><h3>2.USUARIOS<\/h3><p>El acceso y\/o uso de este portalo sitio web le atribuye la condici\u00f3n de USUARIO, que acepta, desde dicho acceso y\/o uso, las Condiciones Generales de Uso reflejadas en el presente aviso. Las Condiciones ser\u00e1n de aplicaci\u00f3n independientemente de las Condiciones Generales de Contrataci\u00f3n que en su caso resulten de obligado cumplimiento. En todo caso para cualquier fin especifico se pedira su consentimiento expreso.<\/p><h3>3.USO DEL PORTAL<\/h3><p>Nuestra web proporciona el acceso a informaciones, servicios, programas o datos (en adelante pasaremos a denominarlos como &#8220;los contenidos&#8221;) en Internet pertenecientes a Suites Hotel S.L o a sus licenciantes a los que el USUARIO pueda tener acceso.El USUARIO asume la responsabilidad del correcto uso del portal. Dicha responsabilidad se extiende al registro que fuese necesario para acceder a determinados servicios o contenidos. En dicho registro el USUARIO ser\u00e1 responsable de aportar informaci\u00f3n veraz y l\u00edcita sobre sus datos. Como consecuencia de este registro, al USUARIO se le puede proporcionar una contrase\u00f1a de la que ser\u00e1 responsable, comprometi\u00e9ndose a hacer un uso diligente, \u00e9tico y confidencial de la misma. El USUARIO se compromete a hacer un uso adecuado de los contenidos y servicios (como por ejemplo servicios de chat, foros de discusi\u00f3n o grupos de noticias) que se ofrece a trav\u00e9s de su portal y con car\u00e1cter enunciativo pero no limitativo, a no emplearlos para:-Incurrir en actividades il\u00edcitas, ilegales o contrarias a la buena fe y al orden p\u00fablico;-Difundir contenidos o propaganda de car\u00e1cter racista, xen\u00f3fobo, pornogr\u00e1fico-ilegal, de apolog\u00eda del terrorismo o atentatorio contra los derechos humanos-Provocar da\u00f1os en los sistemas f\u00edsicos y l\u00f3gicos del propietario, de sus proveedores o de terceras personas, introducir o difundir en la red virus inform\u00e1ticos o cualesquiera otros sistemas f\u00edsicos o l\u00f3gicos que sean susceptibles de provocar los da\u00f1os anteriormente mencionados.<br \/>-Intentar acceder y, en su caso, utilizar las cuentas de correo electr\u00f3nico de otros usuarios ymodificar o manipular sus mensajes. El propietario del portal se reserva el derecho de retirartodos aquellos comentarios y aportaciones que vulneren el respeto a la dignidad de lapersona, que sean discriminatorios, xen\u00f3fobos, racistas, pornogr\u00e1ficos, que atenten contra lajuventud o la infancia, el orden o la seguridad p\u00fablica o que, a su juicio, no resultaranadecuados o convenientes para su publicaci\u00f3n. En cualquier caso, el propietario del portalno ser\u00e1 responsable de las opiniones vertidas por los usuarios a trav\u00e9s de los foros, chats, uotras herramientas de participaci\u00f3n.<\/p><h3>4.PROTECCI\u00d3N DE DATOS<\/h3><p>El uso de los datos personales est\u00e1 definida en base al Reglamento General de Protecci\u00f3n de datos y la normativa espa\u00f1ola vigente. Con el fin de conseguir la m\u00e1xima transparencia y en base a nuestra pol\u00edtica proactiva le informamos:\u00bfPor qu\u00e9 solicitamos sus datos? Suites Hotel S.L, informa al cliente que el tratamiento de los datos se realiza con las siguientes finalidades: Llevar a cabo todas las gestiones relacionadas con la elaboraci\u00f3n de presupuestos, contrataci\u00f3n y prestaci\u00f3n de servicios de The San Roque Club a la empresa a la que pertenece o en su caso al interesado que lo solicite. As\u00ed como atender y contestar las comunicaciones recibidas y las de prospecci\u00f3n comercial para mantener informado a los usuarios de eventuales promociones.\u00bfQu\u00e9 tipo de datos recabamos?Datos personales correspondientes a su propia identidad y que sean adecuados, pertinentes, actuales, exactos y verdaderos. A tales efectos, el usuario ser\u00e1 el \u00fanico responsable frente a cualquier da\u00f1o, directo y\/o indirecto que cause a terceros o a SUITES HOTEL SL , por el uso de datos personales de otra persona, o sus propios datos personales cuando sean falsos, err\u00f3neos, no actuales, inadecuados o impertinentes. Igualmente el usuario que utilice los datos personales de un tercero, responder\u00e1 ante \u00e9ste de la obligaci\u00f3n de informaci\u00f3n establecida en el RGPD para cuando los datos de car\u00e1cter personal no hayan sido recabados del propio interesado, y\/o de las consecuencias de no haberle informado.\u00bfC\u00f3mo se recogen?Uso de formularios para la recogida de datos personales. En los formularios de contacto existentes en la web, donde se recogen datos de car\u00e1cter personal, el usuario deber\u00e1 consentir de manera expresa y con car\u00e1cter previo al env\u00edo de los mismos, la aceptaci\u00f3n y conocimiento de la pol\u00edtica de privacidad mediante la cumplimentaci\u00f3n del check \u00abhe le\u00eddo y acepto la pol\u00edtica de privacidad\u00bby acuyo contenido podr\u00e1 tener acceso mediante el enlace adjunto que le remitir\u00e1 el presente aviso legal. Si el campo check no fuere marcado por el usuario, no se realizar\u00e1 el env\u00edo de los datos contenidos en dichos formularios.Uso compartido con terceros:Los datos no se ceder\u00e1n a terceros salvo en los casos en que exista una obligaci\u00f3n legal. No est\u00e1n previstas las transferencias de datos a terceros pa\u00edses.Derechos: Tiene derecho a acceder a sus datos, rectificarlos, suprimirlos, limitarlos y oponerse a su tratamiento en cualquier momento, tambi\u00e9n puede retirar el consentimiento prestado y reclamar ante la autoridad de control ( Agencia Espa\u00f1ola de protecci\u00f3n de Datos c\/ Jorge Juan n\u00ba6 28001 Madrid). Para el ejercicio de sus derechos dispone de un canal directo con nuestra empresa en el email de Protecci\u00f3n de Datos protecciondatos@sanroqueclub.com y en la direcci\u00f3n postal ap.postal 22,Of.Correos Guadiaro, C\u00e1diz indicando en el asunto protecci\u00f3n de datos.<br \/>Asimismo, Suites Hotel S.L informa que da cumplimiento a la Ley 34\/2002 de 11 de julio, de Servicios de la Sociedad de la Informaci\u00f3n y el Comercio Electr\u00f3nico y le solicitar\u00e1 su consentimiento al tratamiento de su correo electr\u00f3nico con fines comerciales en cada momento.<\/p><h3>5.PROPIEDAD INTELECTUAL E INDUSTRIAL<\/h3><p>El propietario por s\u00ed o como cesionaria, es titular de todos los derechos de propiedad intelectual e industrial desu p\u00e1gina web, as\u00ed como de los elementos contenidos en la misma (a t\u00edtulo enunciativo, im\u00e1genes, sonido, audio, v\u00eddeo, software o textos; marcas o logotipos, combinaciones de colores, estructura y dise\u00f1o, selecci\u00f3n de materiales usados, programas de ordenador necesarios para su funcionamiento, acceso y uso, etc.). Todos los derechos reservados. En virtud de lo dispuesto en los art\u00edculos 8 y 32.1, p\u00e1rrafo segundo, de la Ley de Propiedad Intelectual, quedan expresamente prohibidas la reproducci\u00f3n, la distribuci\u00f3n y la comunicaci\u00f3n p\u00fablica, incluida su modalidad de puesta a disposici\u00f3n, de la totalidad o parte de los contenidos de esta p\u00e1gina web, con fines comerciales, en cualquier soporte y por cualquier medio t\u00e9cnico, sin la autorizaci\u00f3n de Suites Hotel S.L<\/p><p>El USUARIO se compromete a respetar los derechos de Propiedad Intelectual e Industrial titularidad de Suites Hotel S.L<\/p><p>Podr\u00e1 visualizar los elementos del portal e incluso imprimirlos, copiarlos y almacenarlos en el disco duro de su ordenador o en cualquier otro soporte f\u00edsico siempre y cuando sea, \u00fanica y exclusivamente, para su uso personal y privado. El USUARIO deber\u00e1 abstenerse de suprimir, alterar, eludir o manipular cualquier dispositivo de protecci\u00f3n o sistema de seguridad que estuviera instalado en el las p\u00e1ginas de www.sanroqueclub.com\u00a0<\/p><h3>6.EXCLUSI\u00d3N DE GARANT\u00cdAS Y RESPONSABILIDAD<\/h3><p>Suites Hotel S.L\u00a0no se hace responsable, en ning\u00fan caso, de los da\u00f1os y perjuicios de<br \/>cualquier naturaleza que pudieran ocasionar, a t\u00edtulo enunciativo: errores u omisiones en los contenidos, falta de disponibilidad del portal o la transmisi\u00f3n de virus o programas maliciosos olesivos en los contenidos, a pesar de haber adoptado todas las medidas tecnol\u00f3gicasnecesarias para evitarlo.<\/p><h3>7.MODIFICACIONES<\/h3><p>Suites Hotel S.L\u00a0se reserva el derecho de efectuar sin previo aviso las modificaciones que considere oportunas en su portal, pudiendo cambiar, suprimir o a\u00f1adir tanto los contenidos y servicios que se presten a trav\u00e9s de la misma como la forma en la que \u00e9stos aparezcan presentados o localizados en su portal.<\/p><h3>8.ENLACES<\/h3><p>En el caso de que en www.sanroqueclub.com se dispusiesen enlaces o hiperv\u00ednculos hac\u00eda otros sitios de Internet, no ejercer\u00e1 ning\u00fan tipo de control sobre dichos sitios y contenidos. En ning\u00fan caso Suites Hotel S.L asumir\u00e1 responsabilidad alguna por los contenidos de alg\u00fan enlace perteneciente a un sitio web ajeno, ni garantizar\u00e1<br \/>la disponibilidad t\u00e9cnica, calidad, fiabilidad, exactitud, amplitud, veracidad, validez y<br \/>constitucionalidad de cualquier material o informaci\u00f3n contenida en ninguno de dichos<br \/>hiperv\u00ednculos u otros sitios de Internet. En caso de usar los enlaces rogamos que acceda a la<br \/>pol\u00edtica de privacidad y aviso legal de la p\u00e1gina visitada.<br \/>Igualmente la inclusi\u00f3n de estas conexiones externas no implicar\u00e1 ning\u00fan tipo de asociaci\u00f3n,<br \/>fusi\u00f3n o participaci\u00f3n con las entidades conectadas.<\/p><h3>9. DERECHO DE EXCLUSI\u00d3N<\/h3><p>Suites Hotel S.L\u00a0se reserva el derecho a denegar o retirar el acceso<br \/>a portal y\/o los servicios ofrecidos sin necesidad de preaviso, a instancia propia o de un tercero, a aquellos usuarios que incumplan las presentes Condiciones Generales de Uso.<\/p><h3>10.GENERALIDADES<\/h3><p>Se perseguir\u00e1 el incumplimiento de las presentes condiciones as\u00ed como cualquier utilizaci\u00f3n indebida de su portal ejerciendo todas las acciones civiles y penales que le puedan corresponder en derecho.<\/p><h3>11.MODIFICACI\u00d3N DE LAS PRESENTES CONDICIONES Y DURACI\u00d3N<\/h3><p>Suites Hotel S.L\u00a0podr\u00e1 modificar en cualquier momento las condiciones aqu\u00ed<br \/>determinadas, siendo debidamente publicadas como aqu\u00ed aparecen. La vigencia de las citadas condiciones ir\u00e1 en funci\u00f3n de su exposici\u00f3n y estar\u00e1n vigentes hasta debidamente publicadas. que sean modificadas por otras.<\/p><h3>12.LEGISLACI\u00d3N APLICABLE Y JURISDICCI\u00d3N<\/h3><p>La relaci\u00f3n entre Suites Hotel S.L y el USUARIO se regir\u00e1 por la normativa espa\u00f1ola vigente y cualquier controversia se someter\u00e1 a la autoridad pertinente.<br \/>alguna por los contenidos de alg\u00fan enlace perteneciente a un sitio web ajeno, ni garantizar\u00e1<br \/>la disponibilidad t\u00e9cnica, calidad, fiabilidad, exactitud, amplitud, veracidad, validez y<br \/>constitucionalidad de cualquier material o informaci\u00f3n contenida en ninguno de dichos<br \/>hiperv\u00ednculos u otros sitios de Internet. En caso de usar los enlaces rogamos que acceda a la<br \/>pol\u00edtica de privacidad y aviso legal de la p\u00e1gina visitada.<br \/>Igualmente la inclusi\u00f3n de estas conexiones externas no implicar\u00e1 ning\u00fan tipo de asociaci\u00f3n,<br \/>fusi\u00f3n o participaci\u00f3n con las entidades conectadas.<\/p>\t\t\t\t\t\t\t\t<\/div>\n\t\t\t\t<\/div>\n\t\t\t\t\t<\/div>\n\t\t<\/div>\n\t\t\t\t\t<\/div>\n\t\t<\/section>\n\t\t\t\t<\/div>\n\t\t","protected":false},"excerpt":{"rendered":"<p>MODELO DE AVISO LEGAL PARA WEB 1.DATOS IDENTIFICATIVOS En cumplimiento del Reglamaento General de Protecci\u00f3n de Datos (UE) 2016\/679 del Parlamento Europeo y del Consejo de 27 de abril de 2016 y la ley org\u00e1nica 3\/2018 de 5 de diciembre de Protecci\u00f3n de Datos Personales y de Garant\u00eda de los Derechos Digitales, se reflejan los [&hellip;]<\/p>\n","protected":false},"author":3,"featured_media":0,"parent":0,"menu_order":0,"comment_status":"closed","ping_status":"closed","template":"","meta":{"_acf_changed":false,"inline_featured_image":false,"footnotes":"","_links_to":"","_links_to_target":""},"class_list":["post-3678","page","type-page","status-publish","hentry"],"acf":[],"yoast_head":"<!-- This site is optimized with the Yoast SEO plugin v25.4 - https:\/\/yoast.com\/wordpress\/plugins\/seo\/ -->\n<title>Aviso legal - The San Roque Club<\/title>\n<meta name=\"description\" content=\"En cumplimiento con el deber de informaci\u00f3n dispuesto en la Ley 34\/2002 de Servicios de la Sociedad de la Informaci\u00f3n y el Comercio Electr\u00f3nico ...\" \/>\n<meta name=\"robots\" content=\"index, follow, max-snippet:-1, max-image-preview:large, max-video-preview:-1\" \/>\n<link rel=\"canonical\" href=\"https:\/\/sanroqueclub.com\/es\/aviso-legal\/\" \/>\n<meta property=\"og:locale\" content=\"es_ES\" \/>\n<meta property=\"og:type\" content=\"article\" \/>\n<meta property=\"og:title\" content=\"Aviso legal - The San Roque Club\" \/>\n<meta property=\"og:description\" content=\"En cumplimiento con el deber de informaci\u00f3n dispuesto en la Ley 34\/2002 de Servicios de la Sociedad de la Informaci\u00f3n y el Comercio Electr\u00f3nico ...\" \/>\n<meta property=\"og:url\" content=\"https:\/\/sanroqueclub.com\/es\/aviso-legal\/\" \/>\n<meta property=\"og:site_name\" content=\"The San Roque Club\" \/>\n<meta property=\"article:modified_time\" content=\"2024-05-10T12:14:58+00:00\" \/>\n<meta name=\"twitter:card\" content=\"summary_large_image\" \/>\n<meta name=\"twitter:label1\" content=\"Tiempo de lectura\" \/>\n\t<meta name=\"twitter:data1\" content=\"8 minutos\" \/>\n<script type=\"application\/ld+json\" class=\"yoast-schema-graph\">{\"@context\":\"https:\/\/schema.org\",\"@graph\":[{\"@type\":\"WebPage\",\"@id\":\"https:\/\/sanroqueclub.com\/es\/aviso-legal\/\",\"url\":\"https:\/\/sanroqueclub.com\/es\/aviso-legal\/\",\"name\":\"Aviso legal - The San Roque Club\",\"isPartOf\":{\"@id\":\"https:\/\/sanroqueclub.com\/#website\"},\"datePublished\":\"2022-10-03T14:19:06+00:00\",\"dateModified\":\"2024-05-10T12:14:58+00:00\",\"description\":\"En cumplimiento con el deber de informaci\u00f3n dispuesto en la Ley 34\/2002 de Servicios de la Sociedad de la Informaci\u00f3n y el Comercio Electr\u00f3nico ...\",\"breadcrumb\":{\"@id\":\"https:\/\/sanroqueclub.com\/es\/aviso-legal\/#breadcrumb\"},\"inLanguage\":\"es\",\"potentialAction\":[{\"@type\":\"ReadAction\",\"target\":[\"https:\/\/sanroqueclub.com\/es\/aviso-legal\/\"]}]},{\"@type\":\"BreadcrumbList\",\"@id\":\"https:\/\/sanroqueclub.com\/es\/aviso-legal\/#breadcrumb\",\"itemListElement\":[{\"@type\":\"ListItem\",\"position\":1,\"name\":\"Home\",\"item\":\"https:\/\/sanroqueclub.com\/es\/\"},{\"@type\":\"ListItem\",\"position\":2,\"name\":\"Aviso legal\"}]},{\"@type\":\"WebSite\",\"@id\":\"https:\/\/sanroqueclub.com\/#website\",\"url\":\"https:\/\/sanroqueclub.com\/\",\"name\":\"The San Roque Club\",\"description\":\"Beautiful Golf for Everyone\",\"potentialAction\":[{\"@type\":\"SearchAction\",\"target\":{\"@type\":\"EntryPoint\",\"urlTemplate\":\"https:\/\/sanroqueclub.com\/?s={search_term_string}\"},\"query-input\":{\"@type\":\"PropertyValueSpecification\",\"valueRequired\":true,\"valueName\":\"search_term_string\"}}],\"inLanguage\":\"es\"}]}<\/script>\n<!-- \/ Yoast SEO plugin. -->","yoast_head_json":{"title":"Aviso legal - The San Roque Club","description":"En cumplimiento con el deber de informaci\u00f3n dispuesto en la Ley 34\/2002 de Servicios de la Sociedad de la Informaci\u00f3n y el Comercio Electr\u00f3nico ...","robots":{"index":"index","follow":"follow","max-snippet":"max-snippet:-1","max-image-preview":"max-image-preview:large","max-video-preview":"max-video-preview:-1"},"canonical":"https:\/\/sanroqueclub.com\/es\/aviso-legal\/","og_locale":"es_ES","og_type":"article","og_title":"Aviso legal - The San Roque Club","og_description":"En cumplimiento con el deber de informaci\u00f3n dispuesto en la Ley 34\/2002 de Servicios de la Sociedad de la Informaci\u00f3n y el Comercio Electr\u00f3nico ...","og_url":"https:\/\/sanroqueclub.com\/es\/aviso-legal\/","og_site_name":"The San Roque Club","article_modified_time":"2024-05-10T12:14:58+00:00","twitter_card":"summary_large_image","twitter_misc":{"Tiempo de lectura":"8 minutos"},"schema":{"@context":"https:\/\/schema.org","@graph":[{"@type":"WebPage","@id":"https:\/\/sanroqueclub.com\/es\/aviso-legal\/","url":"https:\/\/sanroqueclub.com\/es\/aviso-legal\/","name":"Aviso legal - The San Roque Club","isPartOf":{"@id":"https:\/\/sanroqueclub.com\/#website"},"datePublished":"2022-10-03T14:19:06+00:00","dateModified":"2024-05-10T12:14:58+00:00","description":"En cumplimiento con el deber de informaci\u00f3n dispuesto en la Ley 34\/2002 de Servicios de la Sociedad de la Informaci\u00f3n y el Comercio Electr\u00f3nico ...","breadcrumb":{"@id":"https:\/\/sanroqueclub.com\/es\/aviso-legal\/#breadcrumb"},"inLanguage":"es","potentialAction":[{"@type":"ReadAction","target":["https:\/\/sanroqueclub.com\/es\/aviso-legal\/"]}]},{"@type":"BreadcrumbList","@id":"https:\/\/sanroqueclub.com\/es\/aviso-legal\/#breadcrumb","itemListElement":[{"@type":"ListItem","position":1,"name":"Home","item":"https:\/\/sanroqueclub.com\/es\/"},{"@type":"ListItem","position":2,"name":"Aviso legal"}]},{"@type":"WebSite","@id":"https:\/\/sanroqueclub.com\/#website","url":"https:\/\/sanroqueclub.com\/","name":"The San Roque Club","description":"Beautiful Golf for Everyone","potentialAction":[{"@type":"SearchAction","target":{"@type":"EntryPoint","urlTemplate":"https:\/\/sanroqueclub.com\/?s={search_term_string}"},"query-input":{"@type":"PropertyValueSpecification","valueRequired":true,"valueName":"search_term_string"}}],"inLanguage":"es"}]}},"_links":{"self":[{"href":"https:\/\/sanroqueclub.com\/es\/wp-json\/wp\/v2\/pages\/3678","targetHints":{"allow":["GET"]}}],"collection":[{"href":"https:\/\/sanroqueclub.com\/es\/wp-json\/wp\/v2\/pages"}],"about":[{"href":"https:\/\/sanroqueclub.com\/es\/wp-json\/wp\/v2\/types\/page"}],"author":[{"embeddable":true,"href":"https:\/\/sanroqueclub.com\/es\/wp-json\/wp\/v2\/users\/3"}],"replies":[{"embeddable":true,"href":"https:\/\/sanroqueclub.com\/es\/wp-json\/wp\/v2\/comments?post=3678"}],"version-history":[{"count":12,"href":"https:\/\/sanroqueclub.com\/es\/wp-json\/wp\/v2\/pages\/3678\/revisions"}],"predecessor-version":[{"id":12817,"href":"https:\/\/sanroqueclub.com\/es\/wp-json\/wp\/v2\/pages\/3678\/revisions\/12817"}],"wp:attachment":[{"href":"https:\/\/sanroqueclub.com\/es\/wp-json\/wp\/v2\/media?parent=3678"}],"curies":[{"name":"wp","href":"https:\/\/api.w.org\/{rel}","templated":true}]}}